{"id":9,"date":"2009-06-19T12:29:28","date_gmt":"2009-06-19T10:29:28","guid":{"rendered":"http:\/\/www.steppps.net\/steppps\/?page_id=9"},"modified":"2014-04-02T19:44:30","modified_gmt":"2014-04-02T17:44:30","slug":"das-projekt","status":"publish","type":"page","link":"https:\/\/www.steppps.net\/steppps\/das-projekt\/","title":{"rendered":"Das Projekt"},"content":{"rendered":"<p><strong>Friedenspilgern und Heilwanderung &#8211; \u00a0 \u00a0 \u00a0 \u00a0 \u00a0 \u00a0 \u00a0 \u00a0 \u00a0 \u00a0 \u00a0 \u00a0 \u00a0 \u00a0 \u00a0 \u00a0 \u00a0 \u00a0 \u00a0 \u00a0 \u00a0 \u00a0 \u00a0 \u00a0 \u00a0 \u00a0 \u00a0 \u00a0 \u00a0<\/strong><\/p>\n<p><strong>Eine Projektbeschreibung \/ A Projectdescription<\/strong><\/p>\n<p>For the beginning an Interview in English that Thomas and Bruon gave in Arad \/Romania in August 2012, about the peacewalk:<\/p>\n<p><a href=\"http:\/\/www.youtube.com\/watch?v=JL6xjh7sqwY\">http:\/\/www.youtube.com\/watch?v=JL6xjh7sqwY<\/a><\/p>\n<p><span style=\"text-decoration: underline;\">Our flyer\/ Unser flyer:<\/span><\/p>\n<p><span style=\"font-family: Estrangelo Edessa,cursive;\"><span style=\"font-size: small;\">&#8222;Schritt f\u00fcr Schritt &#8211; Atem f\u00fcr Atem &#8211; Im Moment &#8211; Immer Pr\u00e4sent<\/span><\/span><\/p>\n<p><span style=\"font-family: Estrangelo Edessa,cursive;\"><span style=\"font-size: medium;\"><strong>Steppps &#8211; Friedenspilgerprojekt<\/strong><\/span><\/span><\/p>\n<p><span style=\"font-family: Estrangelo Edessa,cursive;\"><span style=\"font-size: small;\">2012 macht sich steppps zu Fu\u00df auf den Weg von Deutschland bis nach Israel\/ Palaestina, Indien, Tibet und Burma\/Myanmar. Wir werden daf\u00fcr 5-6 Jahre brauchen und gesch\u00e4tzte 15-20.000 km zur\u00fccklegen.<\/span><\/span><\/p>\n<p><span style=\"font-family: Estrangelo Edessa,cursive;\"><span style=\"font-size: small;\">WIR GEHEN F\u00dcR DEN FRIEDEN<\/span><\/span><\/p>\n<ul>\n<li><span style=\"font-family: Estrangelo Edessa,cursive;\"><span style=\"font-size: small;\">AUF DIESER ERDE<\/span><\/span><\/li>\n<li><span style=\"font-family: Estrangelo Edessa,cursive;\"><span style=\"font-size: small;\">IN UNS<\/span><\/span><\/li>\n<li><span style=\"font-family: Estrangelo Edessa,cursive;\"><span style=\"font-size: small;\">ZWISCHEN DEN MENSCHEN<\/span><\/span><\/li>\n<li><span style=\"font-family: Estrangelo Edessa,cursive;\"><span style=\"font-size: small;\">DER V\u00d6LKER UNTEREINANDER<\/span><\/span><\/li>\n<li><span style=\"font-family: Estrangelo Edessa,cursive;\"><span style=\"font-size: small;\">ZWISCHEN MENSCH UND TIER<\/span><\/span><\/li>\n<li><span style=\"font-family: Estrangelo Edessa,cursive;\"><span style=\"font-size: small;\">ZWISCHEN MENSCH UND NATUR<\/span><\/span><\/li>\n<li><span style=\"font-family: Estrangelo Edessa,cursive;\"><span style=\"font-size: small;\">F\u00dcR EINE NEUE ZEIT, EIN NEUES BEWUSSTSEIN<\/span><\/span><\/li>\n<\/ul>\n<p><span style=\"font-family: Estrangelo Edessa,cursive;\"><span style=\"font-size: small;\">Das Projekt braucht auch Deine Unterst\u00fctzung, durch<\/span><\/span><\/p>\n<ul>\n<li><span style=\"font-family: Estrangelo Edessa,cursive;\"><span style=\"font-size: small;\">Gebet und Meditation<\/span><\/span><\/li>\n<li><span style=\"font-family: Estrangelo Edessa,cursive;\"><span style=\"font-size: small;\">Essen und Quartier f\u00fcr die Nacht<\/span><\/span><\/li>\n<li><span style=\"font-family: Estrangelo Edessa,cursive;\"><span style=\"font-size: small;\">Mitpilgern<\/span><\/span><\/li>\n<li><span style=\"font-family: Estrangelo Edessa,cursive;\"><span style=\"font-size: small;\">Weitererz\u00e4hlen<\/span><\/span><\/li>\n<li><span style=\"font-family: Estrangelo Edessa,cursive;\"><span style=\"font-size: small;\">das Organisieren eines Informationsabends<\/span><\/span><\/li>\n<li><span style=\"font-family: Estrangelo Edessa,cursive;\"><span style=\"font-size: small;\">Spenden<\/span><\/span><\/li>\n<\/ul>\n<p><span style=\"font-family: Estrangelo Edessa,cursive;\"><span style=\"font-size: small;\">Initiator: Thomas Heinrich Schm\u00f6ckel<\/span><\/span><\/p>\n<p><span style=\"font-family: Estrangelo Edessa,cursive;\"><span style=\"font-size: small;\">Mehr<\/span><\/span><span style=\"font-family: Estrangelo Edessa,cursive;\"><span style=\"font-size: small;\">Informationen:<\/span><\/span><span style=\"color: #0000ff;\"><span style=\"text-decoration: underline;\"><a href=\"http:\/\/www.steppps.net\/\"><span style=\"font-family: Estrangelo Edessa,cursive;\"><span style=\"font-size: small;\">www.steppps.net<\/span><\/span><\/a><\/span>\u00a0\u00a0\u00a0\u00a0facebook:\u00a0steppps Peacewalk<\/span><span style=\"font-family: Estrangelo Edessa,cursive;\"><span style=\"font-size: small;\"><br \/>\nTelefon: +96 279 072 6138<\/span><\/span><\/p>\n<p align=\"LEFT\">\u00a0<span style=\"font-family: Estrangelo Edessa,cursive;\"><span style=\"font-size: small;\">International \u2013 Interreligi\u00f6s &#8211; Interkulturell&#8220;<\/span><\/span><\/p>\n<h5><span style=\"text-decoration: underline;\">German<\/span>:<\/h5>\n<p>Wir sind eine Gruppe von Friedenspilgern um Thomas Heinrich Schmoeckel,die am 28. April 2012 \u00a0von Sueddeutschland aufgebrochen sind um zu Fuss nach Indien, Tibet und Burma zu laufen. Das Friedensprojekt wurde von Thomas ins Leben gerufen. Die Route f\u00fchrte uns bereits durch \u00d6sterreich, Ungarn, Rum\u00e4nien (Bukarest September 2012), Bulgarien, T\u00fcrkei (1.1. 2013), Libanon, Jordanien und Israel\/Pal\u00e4stina . \u00a0Nach einem l\u00e4ngeren Aufenthalt in Jordanien im Valley of Peace &#8211; einem Friedensprojekt &#8211; wird es voraussichtlich Ende April 2014 zur\u00fcck in T\u00fcrkei nach Samsun gehen. Weiter solle es dann nach Georgien, Armenien, Iran, Irak, Pakistan, Indien, Tibet, Buthan und Burma gehen.<\/p>\n<p>Fuer die ganze Pilgerreise sind in etwa\u00a05 Jahre in Planung.\u00a02007-2011 machte Thomas, meist in Begleitung von vielen Freunden und anderen Interessierten bereits eine Pilgerreise um Deutschland und seine Nachbarl\u00e4nder &#8211; gesamt 7500 km. Die Etappen schlossen sich jeweils an die des Vorjahres an.<\/p>\n<h5><span style=\"text-decoration: underline;\">ENGLISH<\/span>:<\/h5>\n<p>We are a group of peacepilgrims around Thomas who initaited the project. At the 28th of April 2012 we started in the South of Germany to walk by foot to India, Tibet and Myanmar. The way lead us already through Austria, Hungary, Romania, Bulgaria and Turkey (where we arrived at the 1st of January 2013), Lebanon, Jordania and Israel\/Palastine. After many weeks in a PeaceProject in Jordania, the pilgrimage will continue probably in the end of April 2014 in Samsun\/Turkey. Then Georgia, Armenia, Iran, Afghanistan, Pakistan, India, Nepal, Tibet, Bhutan to Myanmar.<\/p>\n<p>For the whole trip we will take about\u00a05 years. 2007 &#8211; 2011 Thomas was already doing a big pilgrimage around Germany along the borders to the neighbour countries. Most of the time he was accompanied by friend or other interessted people &#8211; all in all 7500 km.<\/p>\n<p>&nbsp;<\/p>\n<p><span style=\"text-decoration: underline;\">Thomas erzaehlt:<\/span><\/p>\n<p>&#8222;Den Impuls zu dieser Wanderung hatte ich 1988 beim Lesen des Buches &#8222;Die Essener Erinnerungen&#8220;. Seitdem war mir klar, da\u00df ich von Deutschland bis nach Indien wandern werde, wenn ich 50 bin. Das ist 2012. In 2006 entstand die Idee des Pilgerns durch Deutschland und alle angrenzenden L\u00e4nder. Es ist aus der Erkenntnis geboren, dass, bevor ich durch die Welt reise, zuerst in dem Land unterwegs sein sollte, in dem ich geboren bin. Schlie\u00dflich gibt es auf dem Boden der Deutschen und der Nachbarn und in unseren Beziehungen zueinander jede Menge zu tun. Die Zeit vor 2012 dient dar\u00fcber hinaus als eine Art Ausbildungszeit zum Friedenspilger.<br \/>\nZiel der Wanderung ist das Pilgern an sich. Das bedeutet immer im Moment, im Hier und Jetzt zu sein. Dies praktizieren ich und meine MitpilgerInnen durch achtsames, bewu\u00dftes Gehen im Schweigen, Schritt f\u00fcr Schritt auf der Erde gehend, durch Meditation, Gebet, T\u00f6nen, wahrnehmen des Atems. Durch diese Praxis \u00fcben wir, inneren Frieden zu erlangen. Hierdurch und durch unsere Herzensabsicht geben wir Impulse in unsere Umwelt.<\/p>\n<p>Auf dem Weg kommen wir durch unterschiedlichste Orte, St\u00e4dte, Landstriche, Gebiete und L\u00e4nder. Wir begegnen Menschen unterschiedlicher Pr\u00e4gung. Tiere und Natur sind allgegenw\u00e4rtig. Manche dieser Begegnungen rufen nach Heilung, Be-Achtung und Wertsch\u00e4tzung.<\/p>\n<p>Als ein paar Beispiele m\u00f6chte ich Folgendes nennen:<\/p>\n<p>Auf einer Wiese stehen K\u00fche, die t\u00e4glich Milch liefern. Hier sprechen wir einen Dank aus oder singen\/t\u00f6nen.<\/p>\n<p>\u00dcberall gibt es sogenannte Tier-KZ\u00b4s. Hier werden Tiere unter unw\u00fcrdigsten Umst\u00e4nden gehalten. Wir beten, meditieren f\u00fcr die z.B. Enten oder H\u00fchner, bitten um Vergebung und um eine artgerechte Haltung.<\/p>\n<p>Kraftorte aufsuchen in Natur und Stadt<\/p>\n<p>Wir besuchen Orte, in denen sich Menschen zusammengetan haben, ganzheitliche Projekte umzusetzen.<\/p>\n<p>Wir achten z.B. einen Baum oder eine Blume, nehmen die Sch\u00f6nheit und Vollkommenheit wahr.<\/p>\n<p>Begegnungen mit Gemeinschaften, die ganzheitlich leben, andere Kulturen oder Religionen in ihrer Essenz achten und um der Gemeinsamkeiten wissen.<\/p>\n<p>Wir durchl\u00f6chern geistig energetisch Grenzen. Wie sind im wesentlichen Bewohner dieses Planeten, nicht nur eines Landes.<\/p>\n<p>Das Pilgern dient der Verst\u00e4ndigung von Menschen und V\u00f6lkern. Der L\u00f6sung und Heilung von alten Wunden oder Missverst\u00e4ndnissen.<\/p>\n<p>Die Friedenspilgerreise l\u00e4dt durch das Tun ein und gibt Impulse zu weltweitem Frieden auf allen Ebenen.<\/p>\n<p>Menschen werden in der Begegnung angeregt, nachzudenken oder gar \u00c4hnliches zu tun.<\/p>\n<p><strong>F\u00dcR EIN WELTWEITES NACHHALTIGES \u201eNEUES DENKEN\u201c IN EINER ANBRECHENDEN \u201eNEUEN ZEIT\u201c. <\/strong><\/p>\n<p>&nbsp;<\/p>\n<p><strong>F\u00dcR EINEN NEUEN HIMMEL UND EINE NEUE ERDE.<\/strong><\/p>\n<p>Jede\/r ist herzlich eingeladen, ein paar Stunden, einen oder mehrere Tage, eine Woche oder die ganze Zeit mitzuwandern. <a href=\"http:\/\/www.steppps.net\/steppps\/mitpilgern\/\">http:\/\/www.steppps.net\/steppps\/mitpilgern\/<\/a><\/p>\n<p>Ich bin sehr dankbar f\u00fcr jede Art von Sponsoring f\u00fcr diese Reise. Dies kann in Form von Unterkunft oder Geld oder ..?.. sein. <a href=\"http:\/\/www.steppps.net\/steppps\/sponsoring\/\">http:\/\/www.steppps.net\/steppps\/sponsering\/<\/a><\/p>\n<p>Gerne erz\u00e4hle ich auch unterwegs von den Ereignissen&#8230;..<\/p>\n<p>Vielen Dank f\u00fcr Eure Aufmerksamtkeit<br \/>\nThomas<\/p>\n<p>Thomas Heinrich Schm\u00f6ckel<\/p>\n<p>Pilgertelefon w\u00e4hrend der Etappen jeweils von 17-18 Uhr +49-(0)174-8409120<br \/>\nsteppps@gmx.de<\/p>\n<p><strong>Zus\u00e4tzliche Etappe in Polen 2009<\/strong><\/p>\n<p>Vom 17.4.-Anfang Juni werde ich noch einmal nach Polen fahren. Im letzten Fr\u00fchjahr habe ich festgestellt, dass da noch ein altes Trauma bearbeitet werden mu\u00df. Die Polen wurden sehr h\u00e4ufig in ihrer Geschichte von den gr\u00f6\u00dferen M\u00e4chten hin und her umgesiedelt. Zuletzt nach dem 2. Weltkrieg. Polen, die in den jetzigen Gebieten der westlichen Ukraine wohnten, wurden in die ehemaligen deutschen Gebiete \u2013 jetziges Westpolen oder \u00f6stlich vom jetzigen Deutschland \u2013 umgesiedelt. Dies hat nat\u00fcrlich erhebliches Leid mit sich gebracht. Bis vor wenigen Jahren waren sich die Polen nicht sicher, ob sie wirklich in dem ihnen zugewiesenen Gebiet bleiben d\u00fcrfen. Das Trauma k\u00f6nnte mit den Worten bezeichnet werden \u201eD\u00fcrfen wir wirklich hier bleiben\u201c. Jahrzehnte lang haben sie sich teils nicht richtig getraut, sich anzusiedeln, bzw. waren immer wieder unsicher, ob es denn nicht doch anders k\u00e4me.<\/p>\n<p>Dies habe ich letztes Jahr deutlich gesp\u00fcrt. Deshalb widme ich die o.g. Etappe allen betroffenen Polen und pilgere zu ihrem Nationalheiligtum, dem Bildnis der Schwarzen Madonna auf dem Hellberg\/Jasna Gora in Tschentochau\/Czestochowa. All das auf diesem Weg \u201eerarbeitete\u201c werde ich der Schwarzen Madonna zur Verteilung am Ende der Reise \u00fcbergeben.<\/p>\n","protected":false},"excerpt":{"rendered":"<p>Friedenspilgern und Heilwanderung &#8211; \u00a0 \u00a0 \u00a0 \u00a0 \u00a0 \u00a0 \u00a0 \u00a0 \u00a0 \u00a0 \u00a0 \u00a0 \u00a0 \u00a0 \u00a0 \u00a0 \u00a0 \u00a0 \u00a0 \u00a0 \u00a0 \u00a0 \u00a0 \u00a0 \u00a0 \u00a0 \u00a0 \u00a0 \u00a0 Eine Projektbeschreibung \/ A Projectdescription For the beginning an Interview in English that Thomas and Bruon gave in Arad \/Romania in August [&hellip;]<\/p>\n","protected":false},"author":2,"featured_media":0,"parent":0,"menu_order":1,"comment_status":"open","ping_status":"open","template":"","meta":[],"_links":{"self":[{"href":"https:\/\/www.steppps.net\/steppps\/wp-json\/wp\/v2\/pages\/9"}],"collection":[{"href":"https:\/\/www.steppps.net\/steppps\/wp-json\/wp\/v2\/pages"}],"about":[{"href":"https:\/\/www.steppps.net\/steppps\/wp-json\/wp\/v2\/types\/page"}],"author":[{"embeddable":true,"href":"https:\/\/www.steppps.net\/steppps\/wp-json\/wp\/v2\/users\/2"}],"replies":[{"embeddable":true,"href":"https:\/\/www.steppps.net\/steppps\/wp-json\/wp\/v2\/comments?post=9"}],"version-history":[{"count":22,"href":"https:\/\/www.steppps.net\/steppps\/wp-json\/wp\/v2\/pages\/9\/revisions"}],"predecessor-version":[{"id":1721,"href":"https:\/\/www.steppps.net\/steppps\/wp-json\/wp\/v2\/pages\/9\/revisions\/1721"}],"wp:attachment":[{"href":"https:\/\/www.steppps.net\/steppps\/wp-json\/wp\/v2\/media?parent=9"}],"curies":[{"name":"wp","href":"https:\/\/api.w.org\/{rel}","templated":true}]}}