{"id":45,"date":"2009-06-23T14:33:51","date_gmt":"2009-06-23T12:33:51","guid":{"rendered":"http:\/\/www.steppps.net\/steppps\/?page_id=45"},"modified":"2015-12-11T18:37:46","modified_gmt":"2015-12-11T16:37:46","slug":"sponsoring","status":"publish","type":"page","link":"https:\/\/www.steppps.net\/steppps\/sponsoring\/","title":{"rendered":"Sponsoring"},"content":{"rendered":"<h3>Es w\u00e4re sch\u00f6n, wenn Du Sponsor werden w\u00fcrdest!<\/h3>\n<p>Wir bem\u00fchen uns, die Kosten recht niedrig zu halten. W\u00e4hrend der Deutschlandumwanderung hat Thomas begonnen nach Pilgermanier bei Privatmenschen, der Kirche oder der Stadt nach einem Quartier zu fragen. Und es geht! Seitdem erleben wir fast jeden Abend wie Menschen Ihre T\u00fcren und Herzen f\u00fcr uns \u00f6ffnen und uns in ihrem zu Hause aufnehmen. Unsere Gastgeber sind auch meist so nett, uns ein Abendessen und ein Fr\u00fchst\u00fcck zu bereiten und manchmal sogar mit Proviant f\u00fcr den Tag zu versorgen.<\/p>\n<p>Teilweise sind wir auch schon ohne Geld gegangen. Trotzdem fallen immer wieder Kosten an, z.B. die Organisation etc.<\/p>\n<p>Wir laufen von einer der reichsten Industrienationen in eines der \u00e4rmsten L\u00e4nder der Welt. Auf diesem Weg begegen wir Armut in vielen Facetten. So ist in uns der Wunsch gewachsen Menschen in Not auch aktiv helfen zu k\u00f6nnen, sei es mit einer direkten Spende oder in dem wir Organisationen und Projekte im betreffenden Land, die f\u00fcr den Frieden arbeiten, unterst\u00fctzen.\u00a0 Jede Spende ist eine Hilfe:)<\/p>\n<p><strong>Also, wenn Du dieses Projekt klasse findest, und uns helfen m\u00f6chtest, es zu verwirklichen, freuen wir uns sehr\u00a0\u00fcber jede Hilfe.<br \/>\nHerzlichen Dank schon im Voraus!!!!!!!!<\/strong><\/p>\n<p><strong><br \/>\n<\/strong>Thomas und die Pilgerruppe<\/p>\n<p>Hier die Bankverbindungen:<\/p>\n<p>Inh. Thomas Heinrich Schm\u00f6ckel<br \/>\nKreissparkasse Steinfurt<br \/>\nKonto 77526473<br \/>\nBLZ 40351060<br \/>\nAus dem europ\u00e4ischen Ausland:<br \/>\nIBAN: DE46 4035 1060 0077 5264 73<br \/>\nBIC: WELADED1STF<\/p>\n<p>und<\/p>\n<p>PAYPAL<br \/>\nwww.paypal.com<br \/>\nAccount: steppps@gmx.de<\/p>\n<p>____________________________________________________<\/p>\n<p><strong>English<\/strong><\/p>\n<p>This project need also some finanzial sponsoring. If you like the idea and would like to support us we will be very grateful.<\/p>\n<p>On our way from one of the richest industrial nations to one of the poorest countries we met and meet poverty in a lot of facets. So there grew the wish to help people active bz supporting them directly or finding organisations and projects that work for peace in the countries.<br \/>\nIf you can help, please contact me at steppps@gmx.de<\/p>\n","protected":false},"excerpt":{"rendered":"<p>Es w\u00e4re sch\u00f6n, wenn Du Sponsor werden w\u00fcrdest! Wir bem\u00fchen uns, die Kosten recht niedrig zu halten. W\u00e4hrend der Deutschlandumwanderung hat Thomas begonnen nach Pilgermanier bei Privatmenschen, der Kirche oder der Stadt nach einem Quartier zu fragen. Und es geht! Seitdem erleben wir fast jeden Abend wie Menschen Ihre T\u00fcren und Herzen f\u00fcr uns \u00f6ffnen [&hellip;]<\/p>\n","protected":false},"author":3,"featured_media":0,"parent":0,"menu_order":5,"comment_status":"open","ping_status":"open","template":"","meta":[],"_links":{"self":[{"href":"https:\/\/www.steppps.net\/steppps\/wp-json\/wp\/v2\/pages\/45"}],"collection":[{"href":"https:\/\/www.steppps.net\/steppps\/wp-json\/wp\/v2\/pages"}],"about":[{"href":"https:\/\/www.steppps.net\/steppps\/wp-json\/wp\/v2\/types\/page"}],"author":[{"embeddable":true,"href":"https:\/\/www.steppps.net\/steppps\/wp-json\/wp\/v2\/users\/3"}],"replies":[{"embeddable":true,"href":"https:\/\/www.steppps.net\/steppps\/wp-json\/wp\/v2\/comments?post=45"}],"version-history":[{"count":11,"href":"https:\/\/www.steppps.net\/steppps\/wp-json\/wp\/v2\/pages\/45\/revisions"}],"predecessor-version":[{"id":2190,"href":"https:\/\/www.steppps.net\/steppps\/wp-json\/wp\/v2\/pages\/45\/revisions\/2190"}],"wp:attachment":[{"href":"https:\/\/www.steppps.net\/steppps\/wp-json\/wp\/v2\/media?parent=45"}],"curies":[{"name":"wp","href":"https:\/\/api.w.org\/{rel}","templated":true}]}}