{"id":40,"date":"2009-06-23T14:27:41","date_gmt":"2009-06-23T12:27:41","guid":{"rendered":"http:\/\/www.steppps.net\/steppps\/?page_id=40"},"modified":"2021-12-26T19:13:49","modified_gmt":"2021-12-26T17:13:49","slug":"termine","status":"publish","type":"page","link":"https:\/\/www.steppps.net\/steppps\/termine\/","title":{"rendered":"Termine and Schedule"},"content":{"rendered":"<p>ROUNDING UP MY JOURNEY<\/p>\n<p>English\/Deutsch weiter unten<br \/>\nIn about 3 month I am travelling home (home is actually for me everywhere on the planet) to Germany.<\/p>\n<p>After 10 years steppps peace walk on foot from Germany to India\/Myanmar, after 24.000km walking, crossing 16 counties and 1 year in Moreh\/Clean up paradise.<\/p>\n<p>I will land in Frankfurt in the evening of 31. March 2022.<\/p>\n<p>The last three month<br \/>\nUntil 29.12 Imphal<br \/>\n30.12.-8.1.22 Moreh<br \/>\n9.1.22 Imphal<br \/>\n11.1. \u2708 Imphal &#8211; Bodhgaya<br \/>\n12.1.-23.1 Vipassana retreat 10 day<br \/>\n26.1.-3.2. Vipassana STP 9 day serve<br \/>\n9.2.-12.3. Vipassana 30 day<br \/>\n15.3.\/16.3 \u2708 Bodhgaya &#8211; Imphal<br \/>\n17.3.-29.3. Imphal \/ Moreh<br \/>\n30\/31.3. \u2708 Imphal &#8211; Germany \ud83c\udde9\ud83c\uddea<br \/>\n1.4.\u00a0 \ud83d\ude86 Train to Reckenfeld, reaching mothers house\/relatives<\/p>\n<p>MEINE REISE ABRUNDEN<\/p>\n<p>Deutsch<br \/>\nIn etwa drei Monaten reise ich zur\u00fcck nach Hause (zu Hause ist f\u00fcr mich tats\u00e4chlich \u00fcberall auf diesem Planeten) nach Deutschland.<\/p>\n<p>Nach 10 Jahren steppps peace walk zu Fuss von Deutschland nach Indien\/Myanmar, nach 24.000km pilgern, durch 16 L\u00e4nder\u00a0 und einem Jahr in Moreh\/Aufr\u00e4umen im Paradies.<\/p>\n<p>Ich werde in Frankfurt am 31.3.2023 landen, abends.<\/p>\n<p>Die letzten 3 Monate<br \/>\nBis 29.12 Imphal<br \/>\n30.12.-8.1.22 Moreh<br \/>\n9.1.22 Imphal<br \/>\n11.1. \u2708 Imphal &#8211; Bodhgaya<br \/>\n12.1.-23.1 Vipassana retreat 10 Tage<br \/>\n26.1.-3.2. Vipassana STP 9 Tage Assistent<br \/>\n9.2.-12.3. Vipassana 30 Tage<br \/>\n15.3.\/16.3 \u2708 Bodhgaya &#8211; Imphal<br \/>\n17.3.-29.3. Imphal \/ Moreh<br \/>\n30\/31.3. \u2708 Imphal &#8211; Germany \ud83c\udde9\ud83c\uddea<br \/>\n1.4.\u00a0 Ankunft per \ud83d\ude86 Zug in Reckenfeld und Besuch Mutter und Verwandte<\/p>\n<p>_________________________________________<\/p>\n<p>Update 21.9.2019<\/p>\n<p>all October 2019<br \/>\nA left over gab in India, from Rampur\/Shimla to Haridwar. ~400 km<\/p>\n<p>Mid of November 2019 until February 2020<br \/>\nto all the Buddha places in India ~500-600 km<\/p>\n<p>~March to May 2020<br \/>\nFrom Lumbini north to Pokhara and Annapurna to Kathmandu ~650km<\/p>\n<p>~June to August 2020<br \/>\nFrom Kathmandu east to India Sikkim ~500 km<\/p>\n<p>~September 2020<br \/>\nButhan ??? Depends on Visa ??km<\/p>\n<p>Or around Buthan to the Myanmar border ??km<\/p>\n<p>Through Myanmar to Yangon. ??km It is possible that we can get only a one month visa. Then we proparbly can\u2019t manage the whole distance.<\/p>\n<p><strong>The whole walk should be finished before Monsun 2021<\/strong><\/p>\n<p>&#8212;&#8212;&#8212;&#8212;&#8212;&#8212;&#8212;&#8212;&#8212;&#8212;&#8212;&#8212;&#8212;&#8212;&#8212;&#8212;&#8212;&#8212;&#8212;&#8212;&#8212;&#8212;&#8212;&#8212;&#8212;&#8212;&#8212;&#8212;&#8212;&#8211;<\/p>\n<p>Update<\/p>\n<p>Schedule\u00a0 August 2018 until June 2019<\/p>\n<p>13.8. &#8211; 8.11.2018 Ladakh\/India<br \/>\nPeace walk in&#8230;.<br \/>\n1) Nubra Valley<br \/>\n2) Zanskar<br \/>\n3) Moorey Plains<br \/>\nMaybe I have to drop one of the destinations (not enough time?!)<br \/>\nAlso 22.8.-2.9. Vipassana retreat in Saboo<\/p>\n<p>9.11. &#8211; 31.12.2018 Nepal<br \/>\nPeace walk from Mahendranagar to Lumbini<br \/>\nAlso Vipassana retreat 15.12.-26.12. in Lumbini<\/p>\n<p>1.1.-31.3.2019 India<br \/>\nPeace walk to the &#8218;Buddha places&#8216;<\/p>\n<p>(18.1.-12.2.2019 20 day Vipassana retreat)<\/p>\n<p>1.4.-15.6.2019 Nepal<br \/>\nPeace walk from Lumbini to Pokhara, mountains and to Kathmandu&#8230;&#8230;<\/p>\n<p><span style=\"line-height: 1.5;\">____________________________________<\/span><\/p>\n<p>Plan 2017\/2018<br \/>\n\u25cf Mid to end of October 2017<br \/>\nWalking to Mandi<br \/>\n(Renewing the Visa in Nepal beginning of Nov)<\/p>\n<p>\u25cf Nov 2017 until January 2018<br \/>\n3 month walking break. Visiting friends and interesting places in India. Making a Vipassana retreat.<\/p>\n<p>(Renewing Visa end of January 2018)<br \/>\n\u25cf Febr-April 2018 Parkistan border to Amritsar, then DharamSalam (Dalai Lama), then towards Shimla<br \/>\nMaybe visit Haidakhan (Babaji ashram) in April<\/p>\n<p>\u25cf May-june- beginning of July 2018<br \/>\nShimla towards Spiti, then to Leh<br \/>\n(\u25cfEnd of July- fly to Nepal, new Visa India, back to Leh)<br \/>\n\u25cfAugust 2018 stay in Leh<br \/>\n\u25cfSeptember, Oktober until begin of Nov 2018<br \/>\nWalk through Ladakh to Spiti and Shimla<br \/>\n\u25cf November 2018\u00a0 walking towards direction Nepal<br \/>\n&#8230;&#8230;.<\/p>\n<p>Please know, this plan could change.<br \/>\nIf you plan to walk with me, you have to check with me. Some parts of the walk are very extreme&#8230;.. I can&#8217;t exept everyone for that.<\/p>\n<p><span style=\"line-height: inherit;\">_________________________________________<\/span><\/p>\n<p>28.12.2014<\/p>\n<p><span class=\"userContent\">Dear friends,<br \/>\nresting will go on another 1-2 weeks<\/span><\/p>\n<p>Than I will conitnue walking from<br \/>\nJanuary to April 2015 in Iran, starting in Agarak, southern Armenia, crossing border point.<br \/>\n<span class=\"text_exposed_show\"><br \/>\nFrom April &#8211; Oktober\/November 2015 back in Armenia<br \/>\nI will offer my work, ideas, being&#8230;..<br \/>\nto the new &#8218;Satik Village&#8216; for grown ups from the orphanage and there families &#8211; 15 km north of Yerevan<br \/>\nVolunteers and visitors are welcome<\/span><\/p>\n<p>November 2015<br \/>\nsecond half of Iran steppps peacewalk continues.<\/p>\n<p>Hearthug<br \/>\nThomas<\/p>\n<p>deutsch:::\u00a0http:\/\/www.steppps.net\/steppps\/2014\/12\/28\/so-ist-es-jetzt-und-dann-geht-es-so-weiter\/<\/p>\n<p>Stand\/actual 9.1.2013<\/p>\n<p>Unsere naechsten Schritte \/ Achtsamkeit fuer den Frieden<\/p>\n<p><strong>Februar 2013<\/strong><br \/>\nWeiter ab Istanbul an der Schwarzmeerk\u00fcste \u00f6stlich bis Samsun, etwa 2 1\/2 bis 3 Monate. Danach s\u00fcdlich Richtung Syrien.<\/p>\n<p><strong>Januar 2013<br \/>\n<\/strong>Wir erreichen die Tuerkei<\/p>\n<p><strong>Anfang \/Mitte Oktober 2012<\/strong><br \/>\nWir erreichen Bulgarien<\/p>\n<p><strong>September 2012<\/strong><br \/>\nIn den Karpaten unterwegs\/nach Bukarest<\/p>\n<p><em><strong>28.4.2012 <\/strong><\/em>Von S\u00fcddeutschland nach Indien, Tibet und Burma ohne Unterbrechung. 3-4 Jahre<br \/>\nab 21.4. Sein im Intersein-Zentrum &#8211; Vorbereitung<\/p>\n<p>_____________________________________________________<\/p>\n<p><strong>&#8211;English&#8211;<br \/>\n<\/strong>our next steppps \/ in mindfulness for peace<\/p>\n<p><span class=\"userContent\">Dear friends,<br \/>\nresting will go on another 1-2 weeks<\/span><\/p>\n<p>Than I will conitnue walking from<br \/>\nJanuary to April 2015 in Iran, starting in Agarak, southern Armenia, crossing border point.<br \/>\n<span class=\"text_exposed_show\"><br \/>\nFrom April &#8211; Oktober\/November 2015 back in Armenia<br \/>\nI will offer my work, ideas, being&#8230;..<br \/>\nto the new &#8218;Satik Village&#8216; for grown ups from the orphanage and there families &#8211; 15 km north of Yerevan<br \/>\nVolunteers and visitors are welcome<\/span><\/p>\n<p>November 2015<br \/>\nsecond half of Iran steppps peacewalk continues.<\/p>\n<p>Hearthug<br \/>\nThomas<\/p>\n<p><strong>Februar 2013<\/strong><\/p>\n<p>continuation from Istanbul along the Black Sea Coast, about 2 1\/2 &#8211; 3 mounth. From there directly south, direction Syria.<strong><br \/>\n<\/strong><strong><br \/>\nJanuary 2013<br \/>\n<\/strong>We come to Turkey<\/p>\n<p><strong>Beginning\/Mid October 2012<\/strong><br \/>\nWe reach Bulgaria<\/p>\n<p><strong>September 2012<\/strong><br \/>\nWe walk in the Carpathian mountains\/toward Bukarest<\/p>\n<p><strong><em>28.4.2012<\/em><\/strong> From southern Germany to India, Tibet and Burma. 3-4 Jahre<br \/>\nFrom 21.4.2012 Preparation in the Intersein-Zentrum in Southern Germany.<br \/>\nIf you have more questions, please contact me steppp@gmx.de<\/p>\n","protected":false},"excerpt":{"rendered":"<p>ROUNDING UP MY JOURNEY English\/Deutsch weiter unten In about 3 month I am travelling home (home is actually for me everywhere on the planet) to Germany. After 10 years steppps peace walk on foot from Germany to India\/Myanmar, after 24.000km walking, crossing 16 counties and 1 year in Moreh\/Clean up paradise. I will land in [&hellip;]<\/p>\n","protected":false},"author":3,"featured_media":0,"parent":0,"menu_order":3,"comment_status":"open","ping_status":"open","template":"","meta":[],"_links":{"self":[{"href":"https:\/\/www.steppps.net\/steppps\/wp-json\/wp\/v2\/pages\/40"}],"collection":[{"href":"https:\/\/www.steppps.net\/steppps\/wp-json\/wp\/v2\/pages"}],"about":[{"href":"https:\/\/www.steppps.net\/steppps\/wp-json\/wp\/v2\/types\/page"}],"author":[{"embeddable":true,"href":"https:\/\/www.steppps.net\/steppps\/wp-json\/wp\/v2\/users\/3"}],"replies":[{"embeddable":true,"href":"https:\/\/www.steppps.net\/steppps\/wp-json\/wp\/v2\/comments?post=40"}],"version-history":[{"count":45,"href":"https:\/\/www.steppps.net\/steppps\/wp-json\/wp\/v2\/pages\/40\/revisions"}],"predecessor-version":[{"id":3432,"href":"https:\/\/www.steppps.net\/steppps\/wp-json\/wp\/v2\/pages\/40\/revisions\/3432"}],"wp:attachment":[{"href":"https:\/\/www.steppps.net\/steppps\/wp-json\/wp\/v2\/media?parent=40"}],"curies":[{"name":"wp","href":"https:\/\/api.w.org\/{rel}","templated":true}]}}